{"id":19918,"date":"2022-02-06T21:19:16","date_gmt":"2022-02-06T13:19:16","guid":{"rendered":"https:\/\/u-zip.com\/?post_type=product&#038;p=19918"},"modified":"2022-06-09T19:22:16","modified_gmt":"2022-06-09T11:22:16","slug":"the-north-face-half-dome-pullover-hoodie-green","status":"publish","type":"product","link":"https:\/\/u-zip.com\/ja\/product\/the-north-face-half-dome-pullover-hoodie-green\/","title":{"rendered":"The North Face Half Dome Pullover Hoodie (Green)"},"content":{"rendered":"<p>BRAND<\/p>\n<p>Born from two hikers\u2019 love for adventure,\u00a0The North Face\u00a0has become one of the best-known brands for outdoor clothing and equipment. Look to our\u00a0The North Face\u00a0at UZIP edit to cop cult streetwear pieces, including T-shirts, joggers and hoodies, or unlock new levels of warmth with the label\u2019s covetable waterproof coats, windbreakers, ski jackets and snug fleeces. Hitting the trail? Scroll everything from hard-wearing trainers to super-strong bags and backpacks.<\/p>\n<p>&nbsp;<\/p>\n<p>Dimensions: Size:(CM)<\/p>\n<p>Length x Width x Shoulder width x Sleeve length (cm)<\/p>\n<p>\u3010S\u301172\u00d753\u00d744\u00d769.5cm<br \/>\n\u3010M\u301173\u00d757\u00d746.5\u00d771cm<br \/>\n\u3010L\u301174\u00d761\u00d749\u00d772.5cm<br \/>\n\u3010XL\u301176\u00d765\u00d751.5\u00d774.5cm<\/p>\n<p>Material: Cotton<\/p>\n<p>&nbsp;<\/p>\n<p>\u25a0 Product description: The North Face Half Dome Pullover Hoodie (Green)<\/p>\n<p>&nbsp;<\/p>\n<p>\u25a0 Brand: North Face THE NORTH FACE<\/p>\n<p>\u25a0 Model: NF0A4M8L M HALF DOME PULLOVER HOODIE Hoodie<\/p>\n<p>\u25a0 Color: Green<\/p>\n<p>\u25a0 Gender: Men&#8217;s<\/p>\n<p>\u25a0 Country of origin: Republic of North Macedonia<\/p>\n<p>\u25a0 Specifications: [Outside] Kangaroo pocket x 1<\/p>\n<p>\u25a0 Material: 100% cotton<\/p>\n<p>\u25a0 Accessories: None<\/p>\n<pre id=\"tw-target-text\" class=\"tw-data-text tw-text-large tw-ta\" dir=\"ltr\" data-placeholder=\"\u7ffb\u8b6f\"><\/pre>\n","protected":false},"excerpt":{"rendered":"<p>BRAND Born from two hikers\u2019 love for adventure,\u00a0The North Face\u00a0has become one of the best-known brands for outdoor clothing and equipment. Look to our\u00a0The North Face\u00a0at UZIP edit to cop cult streetwear pieces, including T-shirts, joggers and hoodies, or unlock new levels of warmth with the label\u2019s covetable waterproof coats, windbreakers, ski jackets and snug fleeces. Hitting the [&hellip;]<\/p>\n","protected":false},"featured_media":19920,"template":"","meta":{"_crdt_document":"","advanced_seo_description":"","jetpack_seo_html_title":"","jetpack_seo_noindex":false,"jetpack_publicize_message":"","jetpack_publicize_feature_enabled":true,"jetpack_social_post_already_shared":true,"jetpack_social_options":{"image_generator_settings":{"template":"highway","default_image_id":0,"font":"","enabled":false},"version":2},"_wpas_customize_per_network":false},"product_brand":[],"product_cat":[309,378,94,304],"product_tag":[],"class_list":{"0":"post-19918","1":"product","2":"type-product","3":"status-publish","4":"has-post-thumbnail","6":"product_cat-brands","7":"product_cat-men","8":"product_cat-mens-hoodies-sweatshirts","9":"product_cat-the-north-face","10":"pa_size-l","11":"pa_size-m","12":"pa_size-s","13":"pa_size-xl","15":"first","16":"instock","17":"shipping-taxable","18":"purchasable","19":"product-type-variable"},"jetpack_publicize_connections":[],"jetpack_likes_enabled":true,"jetpack_sharing_enabled":true,"_links":{"self":[{"href":"https:\/\/u-zip.com\/ja\/wp-json\/wp\/v2\/product\/19918","targetHints":{"allow":["GET"]}}],"collection":[{"href":"https:\/\/u-zip.com\/ja\/wp-json\/wp\/v2\/product"}],"about":[{"href":"https:\/\/u-zip.com\/ja\/wp-json\/wp\/v2\/types\/product"}],"wp:featuredmedia":[{"embeddable":true,"href":"https:\/\/u-zip.com\/ja\/wp-json\/wp\/v2\/media\/19920"}],"wp:attachment":[{"href":"https:\/\/u-zip.com\/ja\/wp-json\/wp\/v2\/media?parent=19918"}],"wp:term":[{"taxonomy":"product_brand","embeddable":true,"href":"https:\/\/u-zip.com\/ja\/wp-json\/wp\/v2\/product_brand?post=19918"},{"taxonomy":"product_cat","embeddable":true,"href":"https:\/\/u-zip.com\/ja\/wp-json\/wp\/v2\/product_cat?post=19918"},{"taxonomy":"product_tag","embeddable":true,"href":"https:\/\/u-zip.com\/ja\/wp-json\/wp\/v2\/product_tag?post=19918"}],"curies":[{"name":"wp","href":"https:\/\/api.w.org\/{rel}","templated":true}]}}